{"id":39,"date":"2016-04-17T22:24:34","date_gmt":"2016-04-17T20:24:34","guid":{"rendered":"http:\/\/rechtsanwaeltin-ernst.de\/home\/?page_id=39"},"modified":"2018-05-14T14:22:05","modified_gmt":"2018-05-14T12:22:05","slug":"impressum","status":"publish","type":"page","link":"https:\/\/rechtsanwaeltin-ernst.de\/home\/impressum\/","title":{"rendered":"Impressum \/ Datenschutz"},"content":{"rendered":"<p><strong>Datenschutz<\/strong><\/p>\n<p>Diese Website erhebt bei einem Besuch keine personenbezogenen Daten. Sie speichert lediglich die von Ihrem Internetprovider mitgeteilten Daten wie die IP-Adresse. Diese Daten werden nur f\u00fcr die Dauer Ihres Besuchs auf unserer Seite gespeichert, ggf. f\u00fcr statistische Zwecke, jedoch ohne Zuordnung zu bestimmten Nutzern.<\/p>\n<p>Zur besseren Nutzbarkeit der Internetseite werden teilweise Cookies gesetzt. Sie haben hier jederzeit die M\u00f6glichkeit, dies durch Einstellungen an Ihrem Browser zu verhindern.<\/p>\n<p>Wenn Sie uns \u00fcber die Plattform anwalt.de erreichen, werden die eingegebenen Daten an uns via E-Mail \u00fcbermittelt und in unserem E-Mail-Programm gespeichert. Soweit daraus ein Mandat wird, werden Ihre Daten gespeichert, damit wir optimal arbeiten k\u00f6nnen. Wir werden Ihre Daten zu keinem Zeitpunkt ohne Ihre gesonderte und einzelfallbezogene Einwilligung weitergeben. Eine anderweitige Nutzung als die Verwendung im Rahmen unseres Mandats erfolgt nicht.<\/p>\n<p>Wir legen gr\u00f6\u00dften Wert auf den Schutz Ihrer Daten und die Wahrung Ihrer Privatsph\u00e4re. Nachstehend informieren wir Sie deshalb \u00fcber die Erhebung und Verwendung pers\u00f6nlicher Daten bei Nutzung unserer Webseite. Wir treffen alle gesetzlichen Vorkehrungen, um Ihre pers\u00f6nlichen Daten vor Verlust, Zerst\u00f6rung, Verf\u00e4lschung, Manipulation und unberechtigten Zugriff zu sch\u00fctzen. Jedoch sollten Sie bedenken, dass keine Internet\u00fcbertragung jemals vollst\u00e4ndig sicher oder fehlerfrei ist. Insbesondere E-Mails, die an oder von dieser Website geschickt werden, k\u00f6nnen unsicher sein.<\/p>\n<p><strong>Statistische Auswertung\u00a0mit WordPress<\/strong><br \/>\nUnsere Website verwendet das Plugin WordPress Statistics. Diese Erweiterung dient der statistischen Auswertung der Besucherzugriffe. Damit k\u00f6nnen wir z.B. erkennen, wieviele Besucher eine bestimmte Unterseite aufgerufen haben. Diese Verfahren basiert auf den Informationen, die im Rahmen Ihres Besuchs auf dieser Website notwendig anfallen. Die Auswertung findet rein lokal auf einem in Deutschland befindlichen Server statt, auf dem diese Website gehostet wird. Um Ihre Privatsph\u00e4re zu sch\u00fctzen, wird Ihre IP-Adresse vor der Speicherung in den Statistiken anonymisiert.<\/p>\n<p><strong>Weiterf\u00fchrende Links<\/strong><br \/>\nDiese Erkl\u00e4rung zum Datenschutz gilt nur f\u00fcr unsere Website und deren Unterseiten. Unsere Website kann Links auf andere Anbieter enthalten, auf die sich diese Erkl\u00e4rung nicht erstreckt. Wenn Sie unsere Website \u00fcber einen Link verlassen, wird empfohlen, die Datenschutzrichtlinie jeder Website, die personenbezogene Daten sammelt, sorgf\u00e4ltig zu lesen.<\/p>\n<h4>Datenerhebung unter strenger Beachtung der Gesetze<\/h4>\n<p>Bei der Erhebung, dem Verwenden und Speichern von personenbezogenen Daten beachten wir die Vorschriften des Bundesdatenschutzgesetzes, des Telemediengesetzes und ggf. weiterer anwendbarer Datenschutzbestimmungen. Alle Kundendaten werden unter Beachtung der einschl\u00e4gigen Vorschriften des Bundesdatenschutzgesetzes (BDSG) und des Telemediengesetzes (TMG) von uns gespeichert und verarbeitet.<\/p>\n<h4>Auskunft<\/h4>\n<p>Sie haben jederzeit das Recht auf unentgeltliche Auskunft \u00fcber Ihre gespeicherten Daten sowie das Recht auf Berichtigung, L\u00f6schung bzw. Sperrung. Wenden Sie sich hierzu bitte an die im Impressum angegebene Kontaktadresse. Wir stehen Ihnen jederzeit gern f\u00fcr weitergehende Fragen zu unseren Hinweisen zum Datenschutz und zur Verarbeitung Ihrer pers\u00f6nlichen Daten zur Verf\u00fcgung.<\/p>\n<p>&nbsp;<\/p>\n<p><strong>Verantwortlich f\u00fcr alle Inhalte des Online-Angebots<\/strong><\/p>\n<p><strong><a href=\"http:\/\/www.rechtsanwaeltin-ernst.de\">www.rechtsanwaeltin-ernst.de<\/a> und <a href=\"http:\/\/www.sozialrecht-potsdam.eu\">www.sozialrecht-potsdam.eu<\/a><\/strong><\/p>\n<p><strong><em>Rechtsanw\u00e4ltin Friederike Ernst<\/em><\/strong><\/p>\n<p><strong><em>Fachanw\u00e4ltin f\u00fcr Sozialrecht<\/em><\/strong><\/p>\n<p><em>Zum Jagenstein 1, Raum 103<\/em><\/p>\n<p><em>14478 Potsdam<\/em><\/p>\n<p><em>Tel: 0331\/ 58 244 75<\/em><\/p>\n<p><em>Fax: 0331\/ 27 38 39 08<\/em><\/p>\n<p><em><br \/>\nEmail: <a href=\"mailto:kontakt@rechtsanwaeltin-ernst.de\">kontakt[at]rechtsanwaeltin-ernst.de<\/a><\/em><\/p>\n<p>Bei allen Bem\u00fchungen, die Inhalte auf dieser Seite aktuell zu halten, insbesondere unter &#8222;Themen aus der Praxis&#8220;, kann dies nicht immer gelingen. Bitte achten Sie auf das Ver\u00f6ffentlichungsdatum und bedenken Sie weiterhin, dass lediglich grunds\u00e4tzliche Fragen erl\u00e4utert werden. Der Einzelfall bedarf dennoch einer genauen Pr\u00fcfung.<\/p>\n<p>Friederike Ernst ist zugelassene Rechtsanw\u00e4ltin in der Bundesrepublik Deutschland und Angeh\u00f6rige der Rechtsanwaltskammer des Landes Brandenburg. Es gelten die folgenden berufsrechtlichen Regelungen, die auf der Internetpr\u00e4senz der <a href=\"http:\/\/www.brak.de\/\">Bundesrechtsanwaltskammer<\/a> in den Sprachen Deutsch und Englisch abgerufen werden k\u00f6nnen:<br \/>\nBundesrechtsanwaltsordnung (BRAO), Rechtsanwaltsverg\u00fctungsgesetz (RVG), Berufsordnung der Rechtsanw\u00e4lte (BORA), Fachanwaltsordnung (FAO), Berufsregeln der Rechtsanw\u00e4lte der Europ\u00e4ischen Union (CCBE Lyon), Gesetz \u00fcber die T\u00e4tigkeit europ\u00e4ischer Rechtsanw\u00e4lte in Deutschland EuRAG, Anordnung der Bundesrechtsanwaltskammer nach \u00a7 14 Abs. 4 Satz 2 Geldw\u00e4schebek\u00e4mpfungsgesetz, Verhaltensempfehlungen der Bundesrechtsanwaltskammer im Hinblick auf die Vorschriften des Geldw\u00e4schebek\u00e4mpfungsgesetzes und die Geldw\u00e4sche, \u00a7 261 StGB.<\/p>\n<p>Aufsichtsbeh\u00f6rde i.S.d. \u00a7 5 TMG ist die Rechtsanwaltskammer des Landes Brandenburg, Grillendamm 2, 14776 Brandenburg an der Havel.<\/p>\n<p>Bei Streitigkeiten zwischen Rechtsanw\u00e4lten und Auftraggebern besteht auf Antrag die M\u00f6glichkeit der au\u00dfergerichtlichen Streitschlichtung durch die regionale Rechtsanwaltskammer Brandenburg (gem. \u00a7 73 Abs. 2 Nr. 3 i.V.m. \u00a7 73 Abs. 3 BRAO) oder bei der Schlichtungsstelle der Rechtsanwaltschaft (\u00a7 191 ff BRAO) bei der Bundesrechtsanwaltskammer, siehe auch www.brak.de oder Email an schlichtungsstelle@s-d-r.org<\/p>\n<p>Es besteht eine Berufshaftpflichtversicherung bei der HDI-Gerling.<\/p>\n<p><strong>Haftungsausschluss<\/strong><\/p>\n<p>Alle angebotenen Inhalte dienen ausschlie\u00dflich der Information.<br \/>\nDie in dieser Website \u00f6ffentlich zug\u00e4nglich gemachten Dokumente und Daten wie z.B. Bilder, Grafiken, Programmiercodes sind urheberrechtlich gesch\u00fctzt.<br \/>\nVerantwortlich f\u00fcr die Inhalte sind die jeweiligen Autoren, dar\u00fcberhinaus gilt uneingeschr\u00e4nkt das Urheberrechtsgesetz (UrhG) f\u00fcr s\u00e4mtliche Daten dieser Website.<br \/>\nEinzelne Vervielf\u00e4ltigungen, z.B. Kopien und Ausdrucke, d\u00fcrfen nur zum privaten und sonstigen eigenen Gebrauch angefertigt werden.<br \/>\nAlle Inhalte dieser Internetpr\u00e4sentation werden wiedergegeben ohne Gew\u00e4hr f\u00fcr ihre Richtigkeit, Aktualit\u00e4t und Vollst\u00e4ndigkeit. In keinem Fall wird f\u00fcr Sch\u00e4den, die sich aus der Verwendung der abgerufenen Informationen ergeben, eine Haftung \u00fcbernommen.<br \/>\nF\u00fcr die Inhalte der \u00fcber Hyperlinks verbundenen Angebote auf andere Websites sind die jeweiligen Betreiber verantwortlich.<\/p>\n<p><strong>Bildnachweise<\/strong><\/p>\n<p><strong>Header, Themen aus der Praxis, Kooperationen<\/strong><\/p>\n<p><a href=\"http:\/\/de.123rf.com\/photo_12584255_justiz-griechisch-themis-lateinisch-iustitia-mit-verbundenen-augen-mit-waage-und-schwert-sepia-get-n.html?term=12584255\">Justitia<\/a>: \u00a9 <a href=\"http:\/\/de.123rf.com\/profile_kanvag\">Evangelos Kanaridis \/ 123RF Lizenzfreie Bilder<\/a><\/p>\n<p><a href=\"http:\/\/de.123rf.com\/photo_36403930_close-up-von-vielen-rechtsberichte-in-der-bibliothek.html\">B\u00fccher<\/a>: \u00a9 <a href=\"http:\/\/de.123rf.com\/profile_wavebreakmediamicro\">wavebreakmediamicro \/ 123RF Lizenzfreie Bilder<\/a><\/p>\n<p><a href=\"http:\/\/de.123rf.com\/photo_10251487_foto-des-handshakes-gesch-ftspartner-nach-dem-schlagen-sich.html\">Handschlag<\/a>: \u00a9 <a href=\"http:\/\/de.123rf.com\/profile_pressmaster\">pressmaster \/ 123RF Lizenzfreie Bilder<\/a><\/p>\n<p><strong>\u00a0<\/strong><\/p>\n<p><strong>Administration<\/strong><\/p>\n<p>Melanie Grebe<\/p>\n<p>E-Mail: <a href=\"mailto:melaniegrebe@gmx.de\">melaniegrebe@gmx.de<\/a><\/p>\n","protected":false},"excerpt":{"rendered":"<p>Datenschutz Diese Website erhebt bei einem Besuch keine personenbezogenen Daten. Sie speichert lediglich die von Ihrem Internetprovider mitgeteilten Daten wie die IP-Adresse. Diese Daten werden nur f\u00fcr die Dauer Ihres Besuchs auf unserer Seite gespeichert, ggf. f\u00fcr statistische Zwecke, jedoch ohne Zuordnung zu bestimmten Nutzern. Zur besseren Nutzbarkeit der Internetseite werden teilweise Cookies gesetzt. Sie [&hellip;]<\/p>\n","protected":false},"author":1,"featured_media":0,"parent":0,"menu_order":7,"comment_status":"closed","ping_status":"closed","template":"","meta":{"footnotes":""},"categories":[],"tags":[],"class_list":["post-39","page","type-page","status-publish","hentry"],"_links":{"self":[{"href":"https:\/\/rechtsanwaeltin-ernst.de\/home\/wp-json\/wp\/v2\/pages\/39","targetHints":{"allow":["GET"]}}],"collection":[{"href":"https:\/\/rechtsanwaeltin-ernst.de\/home\/wp-json\/wp\/v2\/pages"}],"about":[{"href":"https:\/\/rechtsanwaeltin-ernst.de\/home\/wp-json\/wp\/v2\/types\/page"}],"author":[{"embeddable":true,"href":"https:\/\/rechtsanwaeltin-ernst.de\/home\/wp-json\/wp\/v2\/users\/1"}],"replies":[{"embeddable":true,"href":"https:\/\/rechtsanwaeltin-ernst.de\/home\/wp-json\/wp\/v2\/comments?post=39"}],"version-history":[{"count":17,"href":"https:\/\/rechtsanwaeltin-ernst.de\/home\/wp-json\/wp\/v2\/pages\/39\/revisions"}],"predecessor-version":[{"id":207,"href":"https:\/\/rechtsanwaeltin-ernst.de\/home\/wp-json\/wp\/v2\/pages\/39\/revisions\/207"}],"wp:attachment":[{"href":"https:\/\/rechtsanwaeltin-ernst.de\/home\/wp-json\/wp\/v2\/media?parent=39"}],"wp:term":[{"taxonomy":"category","embeddable":true,"href":"https:\/\/rechtsanwaeltin-ernst.de\/home\/wp-json\/wp\/v2\/categories?post=39"},{"taxonomy":"post_tag","embeddable":true,"href":"https:\/\/rechtsanwaeltin-ernst.de\/home\/wp-json\/wp\/v2\/tags?post=39"}],"curies":[{"name":"wp","href":"https:\/\/api.w.org\/{rel}","templated":true}]}}