{"id":32,"date":"2016-04-17T22:22:15","date_gmt":"2016-04-17T20:22:15","guid":{"rendered":"http:\/\/rechtsanwaeltin-ernst.de\/home\/?page_id=32"},"modified":"2023-08-10T10:40:13","modified_gmt":"2023-08-10T08:40:13","slug":"kooperationen","status":"publish","type":"page","link":"https:\/\/rechtsanwaeltin-ernst.de\/home\/kooperationen\/","title":{"rendered":"Kooperationen"},"content":{"rendered":"<p style=\"text-align: justify;\">Mein Ziel ist es, Sie nicht nur in den von mir vorzugsweise bearbeiteten Rechtsgebieten zu unterst\u00fctzen, sondern Ihnen eine umf\u00e4ngliche Beratung f\u00fcr verschiedene wichtige Themen des Lebens (sei es Versicherung, Steuerberatung etc.) zu bieten. Daf\u00fcr ist zum Einen ein Netzwerk von Spezialisten notwendig. St\u00f6\u00dft man mit dem eigenen Wissen an seine Grenzen, so kann man diese im Einzelfall zu Rate ziehen. Auch ergibt sich durch die Pflege sozialer Kontakte ein regelm\u00e4\u00dfiger Wissens- und Erfahrungsaustausch, der letztendlich f\u00fcr alle Beteiligten von Vorteil ist.<\/p>\n<p style=\"text-align: center;\"><a href=\"https:\/\/rechtsanwaeltin-ernst.de\/home\/kooperationen\/10251487_m\/\" rel=\"attachment wp-att-91\"><img loading=\"lazy\" decoding=\"async\" class=\"size-medium wp-image-91 aligncenter\" src=\"https:\/\/rechtsanwaeltin-ernst.de\/home\/wp-content\/uploads\/2016\/04\/10251487_m-300x198.jpg\" alt=\"10251487_m\" width=\"300\" height=\"198\" srcset=\"https:\/\/rechtsanwaeltin-ernst.de\/home\/wp-content\/uploads\/2016\/04\/10251487_m-300x198.jpg 300w, https:\/\/rechtsanwaeltin-ernst.de\/home\/wp-content\/uploads\/2016\/04\/10251487_m-768x506.jpg 768w, https:\/\/rechtsanwaeltin-ernst.de\/home\/wp-content\/uploads\/2016\/04\/10251487_m.jpg 853w\" sizes=\"auto, (max-width: 300px) 100vw, 300px\" \/><\/a><\/p>\n<p style=\"text-align: justify;\">Nachfolgend finden Sie eine Liste meiner Kooperationspartner. Diese k\u00f6nnen bei Spezialfragen helfen und einen zuverl\u00e4ssigen Rat erteilen. Bei Bedarf stelle ich gern den Kontakt f\u00fcr Sie her. Melden Sie sich in diesem Fall gern unter der Telefonnummer:\u00a0 0331 \/ 58 244 75<\/p>\n<h3>Rechtsanwalt Michael R. Wich, Fachanwalt f\u00fcr Verkehrsrecht, Fachanwalt f\u00fcr Arbeitsrecht<\/h3>\n<p style=\"text-align: justify;\">Tel.: 03327 \/ 66 80 900<br \/>\n<a href=\"http:\/\/www.kanzlei-wich.de\" target=\"_blank\" rel=\"noopener\">www.kanzlei-wich.de <\/a><\/p>\n<p style=\"text-align: justify;\">Vom Verwarnungsgeld, Bu\u00dfgeld bis zum Strafverfahren, Schadensabwicklung nach Verkehrsunf\u00e4llen, aussergerichtliche und gerichtliche Geltendmachung von Schadensersatz- und Schmerzensgeldanspr\u00fcchen sind Sie hier richtig.<\/p>\n<p style=\"text-align: justify;\">Auch zum Bereich des Arbeitsrechts steht hier ein kompetenter Ansprechpartner zur Verf\u00fcgung. Der Begriff des Arbeitsrecht umfasst unter anderem? Rechtsbeziehungen zwischen Arbeitgebern und Arbeitnehmern sowie Arbeitnehmerorganisationen. Es regelt Rechte und Pflichten, enth\u00e4lt Vorschriften zum Schutz der Arbeitnehmer und pr\u00e4gt jedes Arbeitsverh\u00e4ltnis.<\/p>\n<h3>Romy Ortel, Fachanw\u00e4ltin f\u00fcr Familienrecht<\/h3>\n<p>Tel.: 03327 \/ 52 09 75<br \/>\n<a href=\"http:\/\/www.rechtsanwaeltin-ortel.de\" target=\"_blank\" rel=\"noopener\">www.rechtsanwaeltin-ortel.de<\/a><\/p>\n<p style=\"text-align: justify;\">Im Familienrecht erhalten Sie hier Beratung zu den Themen: Trennung, Ehescheidung, Unterhalt (Kinder, Ehegatten und Eltern), Sorge- und Umgangsrecht, Verm\u00f6gensauseinandersetzung, Ehewohnung und Haushalt, Vorbereitung von Ehevertr\u00e4gen, Trennungs- und Scheidungsfolgenvereinbarungen.<\/p>\n<p style=\"text-align: justify;\">Schwerpunkte im Erbrecht sind die Nachlassplanung, Testamentsgestaltung, Vertretung des Erben\/der Erbengemeinschaft, die Annahme und Ausschlagung Erbschaft, Pflichtteilsanspr\u00fcche und Verm\u00e4chtnisse.<\/p>\n<h3><\/h3>\n<h3>Conrad Lehmann, Fachanwalt f\u00fcr Miet- und WEG-Recht<\/h3>\n<p style=\"text-align: justify;\">Tel.: 03372 \/ 46410-30<br \/>\n<a href=\"http:\/\/www.recht-lehmann.de\">www.recht-lehmann.de<\/a><\/p>\n<div class=\"iwithtext\"><\/div>\n<p style=\"text-align: justify;\">Rechtsanwalt Lehmann hat sich auf die rechtliche Beratung im Bereich des Immobilienrechts spezialisiert. Zu seinen Mandanten z\u00e4hlen Mieter und Vermieter, Wohnungseigent\u00fcmer und Hausverwaltungen sowie Bauherren und Bauunternehmer.<\/p>\n","protected":false},"excerpt":{"rendered":"<p>Mein Ziel ist es, Sie nicht nur in den von mir vorzugsweise bearbeiteten Rechtsgebieten zu unterst\u00fctzen, sondern Ihnen eine umf\u00e4ngliche Beratung f\u00fcr verschiedene wichtige Themen des Lebens (sei es Versicherung, Steuerberatung etc.) zu bieten. Daf\u00fcr ist zum Einen ein Netzwerk von Spezialisten notwendig. St\u00f6\u00dft man mit dem eigenen Wissen an seine Grenzen, so kann man [&hellip;]<\/p>\n","protected":false},"author":1,"featured_media":0,"parent":0,"menu_order":5,"comment_status":"closed","ping_status":"closed","template":"","meta":{"footnotes":""},"categories":[],"tags":[],"class_list":["post-32","page","type-page","status-publish","hentry"],"_links":{"self":[{"href":"https:\/\/rechtsanwaeltin-ernst.de\/home\/wp-json\/wp\/v2\/pages\/32","targetHints":{"allow":["GET"]}}],"collection":[{"href":"https:\/\/rechtsanwaeltin-ernst.de\/home\/wp-json\/wp\/v2\/pages"}],"about":[{"href":"https:\/\/rechtsanwaeltin-ernst.de\/home\/wp-json\/wp\/v2\/types\/page"}],"author":[{"embeddable":true,"href":"https:\/\/rechtsanwaeltin-ernst.de\/home\/wp-json\/wp\/v2\/users\/1"}],"replies":[{"embeddable":true,"href":"https:\/\/rechtsanwaeltin-ernst.de\/home\/wp-json\/wp\/v2\/comments?post=32"}],"version-history":[{"count":16,"href":"https:\/\/rechtsanwaeltin-ernst.de\/home\/wp-json\/wp\/v2\/pages\/32\/revisions"}],"predecessor-version":[{"id":297,"href":"https:\/\/rechtsanwaeltin-ernst.de\/home\/wp-json\/wp\/v2\/pages\/32\/revisions\/297"}],"wp:attachment":[{"href":"https:\/\/rechtsanwaeltin-ernst.de\/home\/wp-json\/wp\/v2\/media?parent=32"}],"wp:term":[{"taxonomy":"category","embeddable":true,"href":"https:\/\/rechtsanwaeltin-ernst.de\/home\/wp-json\/wp\/v2\/categories?post=32"},{"taxonomy":"post_tag","embeddable":true,"href":"https:\/\/rechtsanwaeltin-ernst.de\/home\/wp-json\/wp\/v2\/tags?post=32"}],"curies":[{"name":"wp","href":"https:\/\/api.w.org\/{rel}","templated":true}]}}