{"id":2,"date":"2016-04-17T15:35:23","date_gmt":"2016-04-17T13:35:23","guid":{"rendered":"http:\/\/rechtsanwaeltin-ernst.de\/home\/?page_id=2"},"modified":"2026-03-25T10:12:35","modified_gmt":"2026-03-25T09:12:35","slug":"willkommen","status":"publish","type":"page","link":"https:\/\/rechtsanwaeltin-ernst.de\/home\/","title":{"rendered":"Willkommen!"},"content":{"rendered":"\n<p><\/p>\n\n\n<p style=\"text-align: justify;\">Herzlich Willkommen auf meiner Website, auf der Sie sich einen \u00dcberblick \u00fcber meine Kanzlei, sowie die angebotenen Dienstleistungen verschaffen k\u00f6nnen.<\/p>\n<p style=\"text-align: justify;\"><img loading=\"lazy\" decoding=\"async\" class=\"alignleft wp-image-284 size-medium\" src=\"https:\/\/rechtsanwaeltin-ernst.de\/home\/wp-content\/uploads\/2021\/12\/Portraet1-225x300.jpg\" alt=\"Portrait\" width=\"225\" height=\"300\" srcset=\"https:\/\/rechtsanwaeltin-ernst.de\/home\/wp-content\/uploads\/2021\/12\/Portraet1-225x300.jpg 225w, https:\/\/rechtsanwaeltin-ernst.de\/home\/wp-content\/uploads\/2021\/12\/Portraet1-768x1024.jpg 768w, https:\/\/rechtsanwaeltin-ernst.de\/home\/wp-content\/uploads\/2021\/12\/Portraet1-1152x1536.jpg 1152w, https:\/\/rechtsanwaeltin-ernst.de\/home\/wp-content\/uploads\/2021\/12\/Portraet1-1535x2048.jpg 1535w, https:\/\/rechtsanwaeltin-ernst.de\/home\/wp-content\/uploads\/2021\/12\/Portraet1-scaled.jpg 1919w\" sizes=\"auto, (max-width: 225px) 100vw, 225px\" \/><\/p>\n<p style=\"text-align: justify;\">F\u00fcr die pers\u00f6nliche Beratung in meinem B\u00fcro, aber auch per Telefon oder Email stehe ich Ihnen gern zur Verf\u00fcgung. Meine Kanzlei (<a href=\"http:\/\/maps.google.de\/maps? daddr=52.368713,13.087591&amp;hl=de&amp;sll=52.36882,13.087796&amp;sspn=0.001602,0.004823&amp;mra=mift&amp;m rsp=1&amp;sz=18&amp;t=h&amp;z=18\" target=\"_blank\" rel=\"noopener\">Zum Jagenstein 1, Raum 103<\/a>) finden Sie in Potsdam \/ Waldstadt II, ganz in der N\u00e4he des Waldstadt-Centers.<\/p>\n<p style=\"text-align: justify;\">Als <strong>Fachanw\u00e4ltin f\u00fcr Sozialrecht<\/strong> berate ich bevorzugt im <strong>Sozialrecht und Sozialversicherungsrecht<\/strong>, das hei\u00dft:<\/p>\n<ul>\n<li style=\"text-align: justify;\">zum <a href=\"https:\/\/rechtsanwaeltin-ernst.de\/home\/2021\/11\/29\/agentur-fuer-arbeit\/\"><strong>Arbeitlosengeld I<\/strong><\/a> und bei Fragen und Problemen mit Bescheiden der <strong><a href=\"https:\/\/rechtsanwaeltin-ernst.de\/home\/2021\/11\/29\/agentur-fuer-arbeit\/\">Agentur f\u00fcr Arbeit<\/a>,<\/strong><\/li>\n<li style=\"text-align: justify;\">bei Schwierigkeiten mit dem LASV zum <strong>GdB<\/strong> (Grad der Behinderung) und der Frage der <strong>Schwerbehinderung, sowie ggf. Merkzeichen<\/strong>,<\/li>\n<li style=\"text-align: justify;\">bei Streit mit der Rentenversicherung im Bereich <strong>Altersrente<\/strong> oder <strong>Erwerbsminderung<\/strong>srente (EM-Rente, EU-Rente)<\/li>\n<li style=\"text-align: justify;\">bei Fragen zur <a href=\"https:\/\/rechtsanwaeltin-ernst.de\/home\/2021\/11\/29\/krankenversicherungsrecht\/\"><strong>gesetzlichen Krankenversicherung<\/strong><\/a> bspw. wegen der H\u00f6he von Krankengeldbeitr\u00e4gen oder der Gew\u00e4hrung von Leistungen wie Orthesen, Anschlussheilbehandlungen etc.<\/li>\n<li style=\"text-align: justify;\">zu <strong>Pflegestufen\/Pflegegraden<\/strong> und<\/li>\n<li style=\"text-align: justify;\">zum Anspruch auf <a href=\"https:\/\/rechtsanwaeltin-ernst.de\/home\/?p=269\"><strong>Opferentsch\u00e4digung<\/strong> <\/a>nach dem OEG etc.<\/li>\n<\/ul>\n<p style=\"text-align: justify;\">Auch f\u00fcr sonstige Fragen stehe ich Ihnen aber gern zur Verf\u00fcgung. Erl\u00e4utern Sie vorab kurz Ihr Anliegen und ich kann Ihnen mitteilen, ob ich die richtige Ansprechpartnerin f\u00fcr Sie bin. Ist dies der Fall vereinbaren wir gemeinsam einen Termin f\u00fcr Ihre Erstberatung. Andernfalls verf\u00fcge ich \u00fcber ein Netzwerk von spezialisierten Anwaltskollegen und werde Sie sicher an den\/die Richtige\/n verweisen k\u00f6nnen. Alle Informationen, die Sie mir (auch vorab) zukommen lassen, unterliegen der Verschwiegenheitspflicht. Sie haben die M\u00f6glichkeit zur Kontaktaufnahme per Telefon (<strong>0331\/5824475<\/strong>), Fax (<strong>0331\/27383908<\/strong>) oder per E-Mail (<a title=\"kontakt@rechtsanwaeltin-ernst.de\" href=\"mailto:kontakt@rechtsanwaeltin-ernst.de\">kontakt[at]rechtsanwaeltin-ernst.de<\/a>).<\/p>\n<p style=\"text-align: justify;\">Bitte vereinbaren Sie vorab einen Termin und vermeiden so, dass Sie vor verschlossener T\u00fcr stehen, denn aufgrund terminbedingter Abwesenheit ist das B\u00fcro nicht durchg\u00e4ngig besetzt.<\/p>\n<p style=\"text-align: justify;\">Unter &#8222;Themen aus der Praxis&#8220; finden Sie Artikel zu einigen Themen, die bereits bestehende Mandate betreffen und die vielleicht auch f\u00fcr Sie interessant sind. Trotz aller Bem\u00fchungen erheben die Ausf\u00fchrungen keinen Anspruch auf Vollst\u00e4ndigkeit und machen auch die konkrete Pr\u00fcfung des Einzelfalles nicht hinf\u00e4llig. Der Stand der Artikel und damit deren Aktualit\u00e4t entspricht dem jeweiligen Ver\u00f6ffentlichungszeitpunkt. Dies gilt auch f\u00fcr die Domain: http:\/\/www.sozialrecht-potsdam.eu<\/p>\n<h3>Kontaktformular<\/h3>\n<div class=\"frm_forms  with_frm_style frm_style_formidable-style\" id=\"frm_form_3_container\" data-token=\"eabe4fe3e4935a7b8c3826426edb7471\">\n<form enctype=\"multipart\/form-data\" method=\"post\" class=\"frm-show-form \" id=\"form_contact-form9aac4aa4a60e1ed57b82\" data-token=\"eabe4fe3e4935a7b8c3826426edb7471\">\n<div class=\"frm_form_fields \">\n<fieldset>\n<legend class=\"frm_screen_reader\">Contact Us<\/legend>\r\n\r\n<div class=\"frm_fields_container\">\n<input type=\"hidden\" name=\"frm_action\" value=\"create\" \/>\n<input type=\"hidden\" name=\"form_id\" value=\"3\" \/>\n<input type=\"hidden\" name=\"frm_hide_fields_3\" id=\"frm_hide_fields_3\" value=\"\" \/>\n<input type=\"hidden\" name=\"form_key\" value=\"contact-form9aac4aa4a60e1ed57b82\" \/>\n<input type=\"hidden\" name=\"item_meta[0]\" value=\"\" \/>\n<input type=\"hidden\" id=\"frm_submit_entry_3\" name=\"frm_submit_entry_3\" value=\"4866cd5cc0\" \/><input type=\"hidden\" name=\"_wp_http_referer\" value=\"\/home\/wp-json\/wp\/v2\/pages\/2\" \/><div id=\"frm_field_11_container\" class=\"frm_form_field form-field  frm_required_field frm_top_container frm_first frm_half\">\r\n    <label for=\"field_qh4icy483148469e8772724c7b\" id=\"field_qh4icy483148469e8772724c7b_label\" class=\"frm_primary_label\">Name\r\n        <span class=\"frm_required\" aria-hidden=\"true\">*<\/span>\r\n    <\/label>\r\n    <input type=\"text\" id=\"field_qh4icy483148469e8772724c7b\" name=\"item_meta[11]\" value=\"\"  data-reqmsg=\"Dieses Feld darf nicht leer sein.\" aria-required=\"true\" data-invmsg=\"Name ist ung\u00fcltig\" aria-invalid=\"false\"   aria-describedby=\"frm_desc_field_qh4icy483148469e8772724c7b\"\/>\r\n    <div class=\"frm_description\" id=\"frm_desc_field_qh4icy483148469e8772724c7b\">Vorname<\/div>\r\n    \r\n<\/div>\n<div id=\"frm_field_12_container\" class=\"frm_form_field form-field  frm_required_field frm_hidden_container frm_half\">\r\n    <label for=\"field_ocfup18ddf8cd3efe3ad9429e7\" id=\"field_ocfup18ddf8cd3efe3ad9429e7_label\" class=\"frm_primary_label\">Nachname\r\n        <span class=\"frm_required\" aria-hidden=\"true\">*<\/span>\r\n    <\/label>\r\n    <input type=\"text\" id=\"field_ocfup18ddf8cd3efe3ad9429e7\" name=\"item_meta[12]\" value=\"\"  data-reqmsg=\"Dieses Feld darf nicht leer sein.\" aria-required=\"true\" data-invmsg=\"Last ist ung\u00fcltig\" aria-invalid=\"false\"   aria-describedby=\"frm_desc_field_ocfup18ddf8cd3efe3ad9429e7\"\/>\r\n    <div class=\"frm_description\" id=\"frm_desc_field_ocfup18ddf8cd3efe3ad9429e7\">Nachname<\/div>\r\n    \r\n<\/div>\n<div id=\"frm_field_13_container\" class=\"frm_form_field form-field  frm_required_field frm_top_container frm_full\">\r\n    <label for=\"field_29yf4d0dbfdf93602f8c4ec2f8\" id=\"field_29yf4d0dbfdf93602f8c4ec2f8_label\" class=\"frm_primary_label\">Email\r\n        <span class=\"frm_required\" aria-hidden=\"true\">*<\/span>\r\n    <\/label>\r\n    <input type=\"email\" id=\"field_29yf4d0dbfdf93602f8c4ec2f8\" name=\"item_meta[13]\" value=\"\"  data-reqmsg=\"Email kann nicht leer sein.\" aria-required=\"true\" data-invmsg=\"Please enter a valid email address\" aria-invalid=\"false\"  \/>\r\n    \r\n    \r\n<\/div>\n<div id=\"frm_field_14_container\" class=\"frm_form_field form-field  frm_top_container frm_full\">\r\n    <label for=\"field_e6lis60545d8d691d89034f355\" id=\"field_e6lis60545d8d691d89034f355_label\" class=\"frm_primary_label\">Betreff\r\n        <span class=\"frm_required\" aria-hidden=\"true\"><\/span>\r\n    <\/label>\r\n    <input type=\"text\" id=\"field_e6lis60545d8d691d89034f355\" name=\"item_meta[14]\" value=\"\"  data-invmsg=\"Subject ist ung\u00fcltig\" aria-invalid=\"false\"  \/>\r\n    \r\n    \r\n<\/div>\n<div id=\"frm_field_15_container\" class=\"frm_form_field form-field  frm_required_field frm_top_container frm_full\">\r\n    <label for=\"field_9jv0r15336dcbb1c4c72a29e78\" id=\"field_9jv0r15336dcbb1c4c72a29e78_label\" class=\"frm_primary_label\">Ihre Nachricht\r\n        <span class=\"frm_required\" aria-hidden=\"true\">*<\/span>\r\n    <\/label>\r\n    <textarea name=\"item_meta[15]\" id=\"field_9jv0r15336dcbb1c4c72a29e78\" rows=\"5\"  data-reqmsg=\"Dieses Feld darf nicht leer sein.\" aria-required=\"true\" data-invmsg=\"Ihre Nachricht ist ung\u00fcltig\" aria-invalid=\"false\"  ><\/textarea>\r\n    \r\n    \r\n<\/div>\n<div id=\"frm_field_21_container\" class=\"frm_form_field form-field  frm_required_field frm_top_container\">\r\n    <label for=\"field_ivtvz\" id=\"field_ivtvz_label\" class=\"frm_primary_label\">Telefon\r\n        <span class=\"frm_required\" aria-hidden=\"true\">*<\/span>\r\n    <\/label>\r\n    <input type=\"tel\" id=\"field_ivtvz\" name=\"item_meta[21]\" value=\"\"  data-reqmsg=\"Telefon kann nicht leer sein.\" aria-required=\"true\" data-invmsg=\"Telefon ist ung\u00fcltig\" aria-invalid=\"false\" pattern=\"((\\+\\d{1,3}(-|.| )?\\(?\\d\\)?(-| |.)?\\d{1,5})|(\\(?\\d{2,6}\\)?))(-|.| )?(\\d{3,4})(-|.| )?(\\d{4})(( x| ext)\\d{1,5}){0,1}$\"  \/>\r\n    \r\n    \r\n<\/div>\n<div id=\"frm_field_25_container\" class=\"frm_form_field form-field \">\r\n\t<div class=\"frm_submit\">\r\n\r\n<button class=\"frm_button_submit\" type=\"submit\"  >Senden<\/button>\r\n\r\n<\/div>\r\n<\/div>\n\t<input type=\"hidden\" name=\"item_key\" value=\"\" \/>\n\t\t\t<div id=\"frm_field_26_container\">\n\t\t\t<label for=\"field_dehpv\" >\n\t\t\t\tFalls Du menschlich bist, lasse dieses Feld leer.\t\t\t<\/label>\n\t\t\t<input  id=\"field_dehpv\" type=\"text\" class=\"frm_form_field form-field frm_verify\" name=\"item_meta[26]\" value=\"\"  \/>\n\t\t<\/div>\n\t\t<input name=\"frm_state\" type=\"hidden\" value=\"38c0hPimubMFpLou8C85Ga9vJdVuLGH5ILI+Ex5QqD8=\" \/><\/div>\n<\/fieldset>\n<\/div>\n\n<p style=\"display: none !important;\" class=\"akismet-fields-container\" data-prefix=\"ak_\"><label>&#916;<textarea name=\"ak_hp_textarea\" cols=\"45\" rows=\"8\" maxlength=\"100\"><\/textarea><\/label><input type=\"hidden\" id=\"ak_js_1\" name=\"ak_js\" value=\"124\"\/><script>document.getElementById( \"ak_js_1\" ).setAttribute( \"value\", ( new Date() ).getTime() );<\/script><\/p><\/form>\n<\/div>\n","protected":false},"excerpt":{"rendered":"<p>Herzlich Willkommen auf meiner Website, auf der Sie sich einen \u00dcberblick \u00fcber meine Kanzlei, sowie die angebotenen Dienstleistungen verschaffen k\u00f6nnen. F\u00fcr die pers\u00f6nliche Beratung in meinem B\u00fcro, aber auch per Telefon oder Email stehe ich Ihnen gern zur Verf\u00fcgung. Meine Kanzlei (Zum Jagenstein 1, Raum 103) finden Sie in Potsdam \/ Waldstadt II, ganz in [&hellip;]<\/p>\n","protected":false},"author":1,"featured_media":0,"parent":0,"menu_order":0,"comment_status":"closed","ping_status":"closed","template":"","meta":{"footnotes":""},"categories":[],"tags":[19,15,37,40,22,20,28,12,29,14,27,18,30,36,26,7,6],"class_list":["post-2","page","type-page","status-publish","hentry","tag-agentur-fuer-arbeit","tag-arbeitsunfall","tag-arzthaftung","tag-behandlungsfehler","tag-berufsgenossenschaft","tag-bundesagentur-fuer-arbeit","tag-em-rente","tag-erwerbsminderungsrente","tag-eu-rente","tag-grad-der-behinderung","tag-hartz-4","tag-jobcenter","tag-lasv","tag-medizinrecht","tag-pflegegrade","tag-rentenversicherung","tag-selbststaendigkeit"],"_links":{"self":[{"href":"https:\/\/rechtsanwaeltin-ernst.de\/home\/wp-json\/wp\/v2\/pages\/2","targetHints":{"allow":["GET"]}}],"collection":[{"href":"https:\/\/rechtsanwaeltin-ernst.de\/home\/wp-json\/wp\/v2\/pages"}],"about":[{"href":"https:\/\/rechtsanwaeltin-ernst.de\/home\/wp-json\/wp\/v2\/types\/page"}],"author":[{"embeddable":true,"href":"https:\/\/rechtsanwaeltin-ernst.de\/home\/wp-json\/wp\/v2\/users\/1"}],"replies":[{"embeddable":true,"href":"https:\/\/rechtsanwaeltin-ernst.de\/home\/wp-json\/wp\/v2\/comments?post=2"}],"version-history":[{"count":50,"href":"https:\/\/rechtsanwaeltin-ernst.de\/home\/wp-json\/wp\/v2\/pages\/2\/revisions"}],"predecessor-version":[{"id":318,"href":"https:\/\/rechtsanwaeltin-ernst.de\/home\/wp-json\/wp\/v2\/pages\/2\/revisions\/318"}],"wp:attachment":[{"href":"https:\/\/rechtsanwaeltin-ernst.de\/home\/wp-json\/wp\/v2\/media?parent=2"}],"wp:term":[{"taxonomy":"category","embeddable":true,"href":"https:\/\/rechtsanwaeltin-ernst.de\/home\/wp-json\/wp\/v2\/categories?post=2"},{"taxonomy":"post_tag","embeddable":true,"href":"https:\/\/rechtsanwaeltin-ernst.de\/home\/wp-json\/wp\/v2\/tags?post=2"}],"curies":[{"name":"wp","href":"https:\/\/api.w.org\/{rel}","templated":true}]}}